{"id":8,"date":"2019-11-21T10:31:16","date_gmt":"2019-11-21T10:31:16","guid":{"rendered":"http:\/\/wobafewo.de\/?page_id=8"},"modified":"2020-06-30T15:42:52","modified_gmt":"2020-06-30T15:42:52","slug":"datenschutz-und-impressum","status":"publish","type":"page","link":"http:\/\/wobafewo.de\/?page_id=8","title":{"rendered":"impressum und datenschutzerkl\u00e4rung"},"content":{"rendered":"\n<p style=\"color:#09eb18\" class=\"has-text-color has-text-align-right\"><strong>          ferienwohnung baars<\/strong>:<\/p>\n\n\n\n<p class=\"has-text-align-center\">Birgit und Wolfgang Baars<\/p>\n\n\n\n<p class=\"has-text-align-center\">Oldenburger Str. 36<\/p>\n\n\n\n<p class=\"has-text-align-center\">46149 Oberhausen<\/p>\n\n\n\n<p class=\"has-text-color has-text-align-center has-black-color\"><strong>T:<\/strong> 0208<strong> . <\/strong>3071974<\/p>\n\n\n\n<p class=\"has-text-align-center\"><strong>F:<\/strong> 0208 <strong>.<\/strong> 3071976<\/p>\n\n\n\n<p class=\"has-text-align-center\"><strong>M:<\/strong> 0179 <strong>. <\/strong>5258172<\/p>\n\n\n\n<p class=\"has-text-align-center\"><strong>E:<\/strong> info @ wobafewo.de<\/p>\n\n\n\n<p class=\"has-text-align-center\">Steuernummer:\n123\/5004\/3150<\/p>\n\n\n\n<p style=\"color:#21f705\" class=\"has-text-color has-text-align-right\"><strong>impressum:<\/strong><\/p>\n\n\n\n<p>Inhaltlich Verantwortlicher gem\u00e4\u00df \u00a7 10 Absatz 3 MDStV: <\/p>\n\n\n\n<p>Wolfgang Baars, Oldenburger Str. 36, 46149 Oberhausen<\/p>\n\n\n\n<p>Haftungshinweis:\nTrotz sorgf\u00e4ltiger inhaltlicher Kontrolle \u00fcbernehmen wir keine Haftung f\u00fcr die\nInhalte externer Links. F\u00fcr den Inhalt der verlinkten Seiten sind\nausschlie\u00dflich deren Betreiber verantwortlich.<\/p>\n\n\n\n<p style=\"color:#48f908\" class=\"has-text-color has-text-align-right\"><strong>datenschutzerkl\u00e4rung:<\/strong><\/p>\n\n\n\n<p>Wir verpflichten uns mit dieser Erkl\u00e4rung, die gesetzlichen\nBestimmungen \u00fcber Datenschutz und Datensicherheit sehr sorgf\u00e4ltig einzuhalten.\nWir verarbeiten personenbezogene Daten im stetigen Einklang mit allen\nBestimmungen der EU-Datenschutz-Grundverordnung (DS-GVO) und dem neuen\nBundesdatenschutzgesetz (BDSG).<\/p>\n\n\n\n<p>Diese Datenschutzerkl\u00e4rung gilt nur f\u00fcr den Auftritt dieser Website. Die\nSeiten der Ferienwohnung Baars k\u00f6nnen Links auf andere Anbieterseiten\nenthalten, auf die sich diese Datenschutzerkl\u00e4rung nicht erstreckt.<\/p>\n\n\n\n<p style=\"color:#1bf508\" class=\"has-text-color has-text-align-right\"><strong>\u00fcbermittlung personenbezogener daten:<\/strong><\/p>\n\n\n\n<p>Wenn Sie uns\nIhre pers\u00f6nlichen Daten (z.B. Name, Adresse, E-Mail-Adresse, Telefonnummer)\n\u00fcber unsere Webseite, per E-Mail oder per Telefon \u00fcbermitteln, verwenden wir\ndiese ausschlie\u00dflich zur Korrespondenz mit Ihnen oder aber f\u00fcr die Zwecke, f\u00fcr\ndie Sie uns Ihre Daten zur Verf\u00fcgung stellen. Wir versichern Ihnen hiermit\nausdr\u00fccklich, dass wir Ihre pers\u00f6nlichen Daten nicht an Dritte weitergeben; es\nsei denn, dass wir hierzu aufgrund zwingender gesetzlicher Vorschriften\nverpflichtet sind oder Sie uns erlauben, Ihre Daten weiterzugeben.<\/p>\n\n\n\n<p>Ihre\nAdressdaten m\u00f6chten wir allerdings auch dazu benutzen, Sie \u00fcber unsere weiteren\nAktivit\u00e4ten und Angebote zu informieren. Wie in den Gesetzen (DS-GVO) und\n(BDSG) zwingend vorgeschrieben, k\u00f6nnen Sie dieser Werbung sowie der Speicherung\nIhrer Daten nat\u00fcrlich jederzeit widersprechen. Schicken Sie uns hierzu einfach\neine kurze Nachricht und wir entfernen Sie dann sofort vollst\u00e4ndig, sicher und\nunwiderruflich aus unserer Datenverarbeitung. Bitte beachten Sie hierzu, dass\nein aktueller Widerruf erst f\u00fcr die Zukunft wirkt. Datenverarbeitungen, die vor\ndem Widerruf erfolgt sind, sind davon nicht betroffen.<\/p>\n\n\n\n<p style=\"color:#1bf508\" class=\"has-text-color has-text-align-right\"><strong>cookies:<\/strong><\/p>\n\n\n\n<p>Der \u00f6ffentlich zug\u00e4ngliche Bereich der Webseite&nbsp;Ferienwohnung Baars\nverwendet keine Cookies. Deshalb werden Sie auch an keiner Stelle gem\u00e4\u00df der\nCookie-Richtlinie der EU-Kommission oder der neuen ePrivacy-Verordnung \u00fcber\nderen Verwendung informiert.<\/p>\n\n\n\n<p style=\"color:#1bf508\" class=\"has-text-color has-text-align-right\"><strong>wordpress:<\/strong><\/p>\n\n\n\n<p>Wir benutzen\nWordPress, um&nbsp;unsere Webseite f\u00fcr die \u00d6ffentlichkeit darzustellen. Hierbei\nsollen die Besucher der Webseite \u00fcber die Details, Bilder und Preise der Ferienwohnung Baars&nbsp;informiert werden.<\/p>\n\n\n\n<p>Die Blogfunktionen des WordPress-Systems sind generell abgeschaltet. Eine Kommunikation mit den Betreibern der Ferienwohnung Baars soll hier nur per Telefon, FAX oder E-Mail stattfinden k\u00f6nnen. Die ver\u00f6ffentlichten Daten von Kontaktpersonen sind mit den jeweiligen Betroffenen abgestimmt worden und sollen ausdr\u00fccklich auf der Webseite genannt werden. Die Links zum Sozial-Media sind&nbsp;grunds\u00e4tzlich von der Webseite entfernt.<\/p>\n","protected":false},"excerpt":{"rendered":"<p>ferienwohnung baars: Birgit und Wolfgang Baars Oldenburger Str. 36 46149 Oberhausen T: 0208 . 3071974 F: 0208 . 3071976 M: 0179 . 5258172 E: info @ wobafewo.de Steuernummer: 123\/5004\/3150 impressum: Inhaltlich Verantwortlicher gem\u00e4\u00df \u00a7 10 Absatz 3 MDStV: Wolfgang Baars, &hellip; <a href=\"http:\/\/wobafewo.de\/?page_id=8\">Weiterlesen <span class=\"meta-nav\">&rarr;<\/span><\/a><\/p>\n","protected":false},"author":1,"featured_media":0,"parent":0,"menu_order":6,"comment_status":"closed","ping_status":"closed","template":"","meta":{"footnotes":""},"_links":{"self":[{"href":"http:\/\/wobafewo.de\/index.php?rest_route=\/wp\/v2\/pages\/8"}],"collection":[{"href":"http:\/\/wobafewo.de\/index.php?rest_route=\/wp\/v2\/pages"}],"about":[{"href":"http:\/\/wobafewo.de\/index.php?rest_route=\/wp\/v2\/types\/page"}],"author":[{"embeddable":true,"href":"http:\/\/wobafewo.de\/index.php?rest_route=\/wp\/v2\/users\/1"}],"replies":[{"embeddable":true,"href":"http:\/\/wobafewo.de\/index.php?rest_route=%2Fwp%2Fv2%2Fcomments&post=8"}],"version-history":[{"count":18,"href":"http:\/\/wobafewo.de\/index.php?rest_route=\/wp\/v2\/pages\/8\/revisions"}],"predecessor-version":[{"id":187,"href":"http:\/\/wobafewo.de\/index.php?rest_route=\/wp\/v2\/pages\/8\/revisions\/187"}],"wp:attachment":[{"href":"http:\/\/wobafewo.de\/index.php?rest_route=%2Fwp%2Fv2%2Fmedia&parent=8"}],"curies":[{"name":"wp","href":"https:\/\/api.w.org\/{rel}","templated":true}]}}