{"id":71,"date":"2019-11-21T13:01:05","date_gmt":"2019-11-21T13:01:05","guid":{"rendered":"http:\/\/wobafewo.de\/?page_id=71"},"modified":"2023-07-03T06:53:32","modified_gmt":"2023-07-03T06:53:32","slug":"die-details","status":"publish","type":"page","link":"http:\/\/wobafewo.de\/?page_id=71","title":{"rendered":"die details"},"content":{"rendered":"\n<p class=\"has-text-align-right has-text-color\" style=\"color:#1bf508\">Wohnzimmer:<\/p>\n\n\n\n<p>3er Ledercouch mit 1er Sessel und Couchtisch<\/p>\n\n\n\n<p>elektrischer Fernsehsehsessel mit Liegefunktion und Aufstehhilfe<\/p>\n\n\n\n<p>Flachbildschirmfernseher 1m<\/p>\n\n\n\n<p>Esstisch mit 4\/6 St\u00fchlen<\/p>\n\n\n\n<p>Glasvitrine mit ben\u00f6tigten Gl\u00e4sern, einigen Spielen, Stadtplan, Touristinfos<\/p>\n\n\n\n<p>kleine Stereoanlage mit Radio und CD, WLAN Sender<\/p>\n\n\n\n<p>Grundbeleuchtung und Stehlampe, Fernsehlicht<\/p>\n\n\n\n<p class=\"has-text-align-right has-text-color\" style=\"color:#1bf508\">K\u00fcche:<\/p>\n\n\n\n<p>Einbau-Eckk\u00fcche mit ca. 2 x 2,5 m Schenkell\u00e4nge<\/p>\n\n\n\n<p>Elektroherd mit Ceranfeld, Backofen mit Umluftt und Grill<\/p>\n\n\n\n<p>Sp\u00fclmaschine, einige Sp\u00fclmaschinentabs sind vorhanden<\/p>\n\n\n\n<p>90 cm hoher Einbau-K\u00fchlschrank und 90 cm 3 Sterne Einbau-Gefrierschrank<\/p>\n\n\n\n<p>Mikrowelle und Dunstabzugshaube<\/p>\n\n\n\n<p>Sp\u00fclbecken mit Warmwassereinhebelmischer<\/p>\n\n\n\n<p>Filterkaffeemaschine, Kaffeepadmaschine, 1l Wasserkocher, elektrischer Mixer, Toaster<\/p>\n\n\n\n<p>Geschirr und Besteck f\u00fcr 6 Personen, diverse T\u00f6pfe und ben\u00f6tigte K\u00fcchenhilfsger\u00e4te<\/p>\n\n\n\n<p>Esstisch mit 3 St\u00fchlen, Stereoanlage Radio und Kassette<\/p>\n\n\n\n<p>Geschirrt\u00fccher und K\u00fcchenhandt\u00fccher werden gestellt<\/p>\n\n\n\n<p class=\"has-text-align-right has-text-color\" style=\"color:#1bf508\">Bad:<\/p>\n\n\n\n<p>Badewanne 1,60 m lang mit Duschtrennwand und langer Duschstange<\/p>\n\n\n\n<p>Toilette<\/p>\n\n\n\n<p>40cm Waschbecken mit Warmwassereinhebelmischer<\/p>\n\n\n\n<p>Spiegel mit 2 Steckdosen<\/p>\n\n\n\n<p>F\u00f6n, Beistellschrank mit Schublade<\/p>\n\n\n\n<p>1 Handtuch und 1 Badehandtuch pro Woche und Person liegen bereit<\/p>\n\n\n\n<p class=\"has-text-align-right has-text-color\" style=\"color:#1bf508\">Schlafzimmer EG:<\/p>\n\n\n\n<p>Doppelbett 1,60 m breit mit einem Nachttischschubladenschrank, Tischlampe<\/p>\n\n\n\n<p>Schlafzimmerschrank 1m breit mit 2 Stangen \u00fcbereinander<\/p>\n\n\n\n<p>Schlafzimmerschrank-Ecke 1m breit mit Stangen und Regalbrett<\/p>\n\n\n\n<p>Schuhschrank 1m breit, Wandspiegel<\/p>\n\n\n\n<p>Bettw\u00e4sche wird gestellt f\u00fcr 2 Personen einmal pro Woche<\/p>\n\n\n\n<p class=\"has-text-align-right has-text-color\" style=\"color:#1bf508\">Schlafzimmer OG:<\/p>\n\n\n\n<p>Einzelbett 1m x 2m<\/p>\n\n\n\n<p>Schlafzimmerschrank 1m breit<\/p>\n\n\n\n<p>Nachttischschrank mit Lampe<\/p>\n\n\n\n<p>Sessel, 2 Reservest\u00fchle f\u00fcr Essgruppe EG<\/p>\n\n\n\n<p>Bettw\u00e4sche f\u00fcr 1 Person wird bei Buchung gestellt einmal pro Woche<\/p>\n","protected":false},"excerpt":{"rendered":"<p>Wohnzimmer: 3er Ledercouch mit 1er Sessel und Couchtisch elektrischer Fernsehsehsessel mit Liegefunktion und Aufstehhilfe Flachbildschirmfernseher 1m Esstisch mit 4\/6 St\u00fchlen Glasvitrine mit ben\u00f6tigten Gl\u00e4sern, einigen Spielen, Stadtplan, Touristinfos kleine Stereoanlage mit Radio und CD, WLAN Sender Grundbeleuchtung und Stehlampe, Fernsehlicht &hellip; <a href=\"http:\/\/wobafewo.de\/?page_id=71\">Weiterlesen <span class=\"meta-nav\">&rarr;<\/span><\/a><\/p>\n","protected":false},"author":1,"featured_media":0,"parent":0,"menu_order":4,"comment_status":"closed","ping_status":"closed","template":"","meta":{"footnotes":""},"_links":{"self":[{"href":"http:\/\/wobafewo.de\/index.php?rest_route=\/wp\/v2\/pages\/71"}],"collection":[{"href":"http:\/\/wobafewo.de\/index.php?rest_route=\/wp\/v2\/pages"}],"about":[{"href":"http:\/\/wobafewo.de\/index.php?rest_route=\/wp\/v2\/types\/page"}],"author":[{"embeddable":true,"href":"http:\/\/wobafewo.de\/index.php?rest_route=\/wp\/v2\/users\/1"}],"replies":[{"embeddable":true,"href":"http:\/\/wobafewo.de\/index.php?rest_route=%2Fwp%2Fv2%2Fcomments&post=71"}],"version-history":[{"count":15,"href":"http:\/\/wobafewo.de\/index.php?rest_route=\/wp\/v2\/pages\/71\/revisions"}],"predecessor-version":[{"id":194,"href":"http:\/\/wobafewo.de\/index.php?rest_route=\/wp\/v2\/pages\/71\/revisions\/194"}],"wp:attachment":[{"href":"http:\/\/wobafewo.de\/index.php?rest_route=%2Fwp%2Fv2%2Fmedia&parent=71"}],"curies":[{"name":"wp","href":"https:\/\/api.w.org\/{rel}","templated":true}]}}